{"id":1067,"date":"2019-05-16T17:44:23","date_gmt":"2019-05-16T17:44:23","guid":{"rendered":"http:\/\/www.costabluehomes.com\/?page_id=1067"},"modified":"2023-02-16T17:42:04","modified_gmt":"2023-02-16T17:42:04","slug":"properties","status":"publish","type":"page","link":"https:\/\/www.myposh-home.com\/fr\/properties\/","title":{"rendered":"Nos propri\u00e9t\u00e9s"},"content":{"rendered":"<section class=\"wpb-content-wrapper\"><p>[vc_row][vc_column][vc_column_text]<\/p>\n<p style=\"text-align: center;\">Nous sommes vendeur de la propri\u00e9t\u00e9 mais notre sp\u00e9cialit\u00e9 est la restauration et les nouveaux d\u00e9veloppements, nous conseillons \u00e9galement sur les investissements, proposons des locations \u00e0 court et long terme sur la Costa del Sol et aussi des restaurants.<\/p>\n<p>[\/vc_column_text][\/vc_column][\/vc_row]<\/p>\n<\/section>","protected":false},"excerpt":{"rendered":"<p>[vc_row][vc_column][vc_column_text] Nous sommes vendeur de la propri\u00e9t\u00e9 mais notre sp\u00e9cialit\u00e9 est la restauration et les nouveaux d\u00e9veloppements, nous conseillons \u00e9galement sur les investissements, proposons des locations \u00e0 court et long terme sur la Costa del Sol et aussi des restaurants. &hellip; <a href=\"https:\/\/www.myposh-home.com\/fr\/properties\/\">Continue reading <span class=\"meta-nav\">&rarr;<\/span><\/a><\/p>\n","protected":false},"author":1,"featured_media":1326,"parent":0,"menu_order":0,"comment_status":"closed","ping_status":"closed","template":"api-inc\/page-property-search-results.php","meta":{"footnotes":""},"class_list":["post-1067","page","type-page","status-publish","has-post-thumbnail","hentry"],"acf":[],"_links":{"self":[{"href":"https:\/\/www.myposh-home.com\/fr\/wp-json\/wp\/v2\/pages\/1067","targetHints":{"allow":["GET"]}}],"collection":[{"href":"https:\/\/www.myposh-home.com\/fr\/wp-json\/wp\/v2\/pages"}],"about":[{"href":"https:\/\/www.myposh-home.com\/fr\/wp-json\/wp\/v2\/types\/page"}],"author":[{"embeddable":true,"href":"https:\/\/www.myposh-home.com\/fr\/wp-json\/wp\/v2\/users\/1"}],"replies":[{"embeddable":true,"href":"https:\/\/www.myposh-home.com\/fr\/wp-json\/wp\/v2\/comments?post=1067"}],"version-history":[{"count":3,"href":"https:\/\/www.myposh-home.com\/fr\/wp-json\/wp\/v2\/pages\/1067\/revisions"}],"predecessor-version":[{"id":1901,"href":"https:\/\/www.myposh-home.com\/fr\/wp-json\/wp\/v2\/pages\/1067\/revisions\/1901"}],"wp:featuredmedia":[{"embeddable":true,"href":"https:\/\/www.myposh-home.com\/fr\/wp-json\/wp\/v2\/media\/1326"}],"wp:attachment":[{"href":"https:\/\/www.myposh-home.com\/fr\/wp-json\/wp\/v2\/media?parent=1067"}],"curies":[{"name":"wp","href":"https:\/\/api.w.org\/{rel}","templated":true}]}}