{"id":3,"date":"2018-09-22T14:26:44","date_gmt":"2018-09-22T14:26:44","guid":{"rendered":"http:\/\/www.costabluehomes.com\/?page_id=3"},"modified":"2023-02-16T17:29:22","modified_gmt":"2023-02-16T17:29:22","slug":"privacy-policy","status":"publish","type":"page","link":"https:\/\/www.myposh-home.com\/es\/privacy-policy\/","title":{"rendered":"Pol\u00edtica de privacidad"},"content":{"rendered":"<section class=\"wpb-content-wrapper\"><p><\/p>\n<p>[vc_row][vc_column][vc_custom_heading source=\u00bbpost_title\u00bb font_container=\u00bbtag:h2|text_align:center\u00bb][vc_column_text]<\/p>\n<h2>Recolecci\u00f3n y derecho de acceso de los datos recolectados<\/h2>\n<ul>\n<li>La Informaci\u00f3n que proporcione antes de cualquier proceso de registro, como su correo electr\u00f3nico cuando nos lo proporcione;<\/li>\n<li>Cuando llame o nos proporcione cualquier proceso de registro, incluso en relaci\u00f3n con una oferta de marca compartida (como su nombre, nombre de la empresa, direcci\u00f3n de correo electr\u00f3nico, n\u00famero de tel\u00e9fono, direcci\u00f3n de facturaci\u00f3n o informaci\u00f3n de la tarjeta de cr\u00e9dito) env\u00edenos un correo electr\u00f3nico (para soporte o de otro tipo) o cuando use nuestros productos o servicios; y<\/li>\n<li>La informaci\u00f3n de pago que nos proporciona (a trav\u00e9s de nuestros servicios o de otro modo) cuando compra algunos de nuestros productos y servicios, incluidos los datos de la tarjeta de cr\u00e9dito.<\/li>\n<\/ul>\n<p>Usted tiene derecho a recoger cualquiera de sus datos personales en este sitio y puede solicitarlo completando este formulario <a href=\"https:\/\/www.myposh-home.com\/contact-us\/request-for-my-personal-data\/\">aqui<\/a><\/p>\n<h2 id=\"how-we-use-your-information\">C\u00f3mo usamos su informaci\u00f3n<\/h2>\n<p>Tenemos un inter\u00e9s leg\u00edtimo en la ejecuci\u00f3n, y utilizamos la informaci\u00f3n que recopilamos sobre usted, para los siguientes prop\u00f3sitos:<\/p>\n<ul>\n<li>Para proporcionarle los Servicios solicitados;<\/li>\n<li>Para proporcionarle contenido \u00fatil;<\/li>\n<li>Para garantizar el correcto funcionamiento de nuestros servicios<\/li>\n<li>Para ofrecer y mejorar nuestros servicios;<\/li>\n<li>Para proporcionarle informaci\u00f3n solicitada o asistencia t\u00e9cnica<\/li>\n<li>Para facilitar su movimiento a trav\u00e9s de nuestros sitios web o su uso de nuestros Servicios;<\/li>\n<li>Para hacer un mejor trabajo de publicidad y comercializaci\u00f3n de nuestros servicios (nuestro uso de su informaci\u00f3n es requerido por la ley aplicable);<\/li>\n<li>En relaci\u00f3n con nuestros programas de seguridad y cumplimiento;<\/li>\n<li>Para administrar nuestros sitios web;<\/li>\n<li>Para comunicarse con usted<\/li>\n<li>Para ayudarnos a ofrecerle una experiencia personalizada o personalizar nuestros servicios para usted;<\/li>\n<li>Como se describe de otra manera en esta pol\u00edtica de privacidad.<\/li>\n<\/ul>\n<p>La informaci\u00f3n de pago que nos proporcione, incluidos los datos de la tarjeta de cr\u00e9dito, se utilizar\u00e1 para facilitar el pago de nuestros productos y servicios.<\/p>\n<h2 id=\"sharing-of-information\">Compartir informaci\u00f3n<\/h2>\n<p>Compartimos informaci\u00f3n personal con otros miembros de My Posh Home. Cualquiera de esas filiales corporativas puede usar su informaci\u00f3n solo de acuerdo con los t\u00e9rminos de esta pol\u00edtica de privacidad. Si se encuentra en una jurisdicci\u00f3n donde tal intercambio requiere su permiso, solo le proporcionaremos su consentimiento.<\/p>\n<h2>Derecho a ser olvidado<\/h2>\n<p>Puede estar aqu\u00ed para eliminar cualquiera de sus datos personales de nuestro sitio y sistema de acuerdo con las regulaciones GDPR, esto puede hacerse al completar una solicitud <a href=\"https:\/\/www.myposh-home.com\/contact-us\/remove-me\/\">aqui<\/a>[\/vc_column_text][\/vc_column][\/vc_row]<\/p>\n<p><\/p>\n<\/section>","protected":false},"excerpt":{"rendered":"<p>[vc_row][vc_column][vc_custom_heading source=\u00bbpost_title\u00bb font_container=\u00bbtag:h2|text_align:center\u00bb][vc_column_text] Recolecci\u00f3n y derecho de acceso de los datos recolectados La Informaci\u00f3n que proporcione antes de cualquier proceso de registro, como su correo electr\u00f3nico cuando nos lo proporcione; Cuando llame o nos proporcione cualquier proceso de registro, incluso &hellip; <a href=\"https:\/\/www.myposh-home.com\/es\/privacy-policy\/\">Continue reading <span class=\"meta-nav\">&rarr;<\/span><\/a><\/p>\n","protected":false},"author":1,"featured_media":0,"parent":0,"menu_order":0,"comment_status":"closed","ping_status":"open","template":"page-full-width.php","meta":{"footnotes":""},"class_list":["post-3","page","type-page","status-publish","hentry"],"acf":[],"_links":{"self":[{"href":"https:\/\/www.myposh-home.com\/es\/wp-json\/wp\/v2\/pages\/3","targetHints":{"allow":["GET"]}}],"collection":[{"href":"https:\/\/www.myposh-home.com\/es\/wp-json\/wp\/v2\/pages"}],"about":[{"href":"https:\/\/www.myposh-home.com\/es\/wp-json\/wp\/v2\/types\/page"}],"author":[{"embeddable":true,"href":"https:\/\/www.myposh-home.com\/es\/wp-json\/wp\/v2\/users\/1"}],"replies":[{"embeddable":true,"href":"https:\/\/www.myposh-home.com\/es\/wp-json\/wp\/v2\/comments?post=3"}],"version-history":[{"count":2,"href":"https:\/\/www.myposh-home.com\/es\/wp-json\/wp\/v2\/pages\/3\/revisions"}],"predecessor-version":[{"id":1887,"href":"https:\/\/www.myposh-home.com\/es\/wp-json\/wp\/v2\/pages\/3\/revisions\/1887"}],"wp:attachment":[{"href":"https:\/\/www.myposh-home.com\/es\/wp-json\/wp\/v2\/media?parent=3"}],"curies":[{"name":"wp","href":"https:\/\/api.w.org\/{rel}","templated":true}]}}