{"id":1367,"date":"2022-11-14T21:59:04","date_gmt":"2022-11-14T21:59:04","guid":{"rendered":"https:\/\/www.myposh-home.com\/?page_id=1367"},"modified":"2023-02-16T17:38:08","modified_gmt":"2023-02-16T17:38:08","slug":"cookie-policy","status":"publish","type":"page","link":"https:\/\/www.myposh-home.com\/es\/cookie-policy\/","title":{"rendered":"Pol\u00edtica de cookies"},"content":{"rendered":"<section class=\"wpb-content-wrapper\"><p>[vc_row][vc_column][vc_custom_heading source=\u00bbpost_title\u00bb font_container=\u00bbtag:h2|text_align:center\u00bb][vc_column_text]<strong>1. \u00bfQu\u00e9 es una cookie?<\/strong><\/p>\n<p>Una cookie es un peque\u00f1o archivo formado por letras y n\u00fameros que se descarga en su ordenador al acceder a determinadas p\u00e1ginas web. En general, las cookies permiten que un sitio web reconozca la computadora del usuario.<br \/>\n\u200b<br \/>\nLo m\u00e1s importante que debe saber sobre las cookies que colocamos es que sirven para mejorar la usabilidad de nuestro sitio web, por ejemplo, al recordar las preferencias del sitio y la configuraci\u00f3n de idioma.<\/p>\n<p><strong>2. \u00bfPor qu\u00e9 usamos cookies?<\/strong><\/p>\n<p>Podemos utilizar cookies y otras tecnolog\u00edas similares por varios motivos, por ejemplo: (i) con fines de seguridad o protecci\u00f3n contra el fraude, y para identificar y prevenir ataques cibern\u00e9ticos, (ii) para brindarle el servicio que ha elegido recibir de nosotros, iii) para monitorear y analizar el desempe\u00f1o, operaci\u00f3n y efectividad de nuestro servicio y iv) para mejorar su experiencia de usuario.<\/p>\n<p><strong>3. Tabla de galletas:<\/strong><\/p>\n<p>En esta secci\u00f3n, debe mencionar las cookies que utiliza en su sitio. Para obtener m\u00e1s informaci\u00f3n, haga clic aqu\u00ed.<\/p>\n<p><strong>4.Tus opciones:<\/strong><\/p>\n<p>Para obtener m\u00e1s informaci\u00f3n sobre las cookies, incluido c\u00f3mo ver qu\u00e9 cookies se han configurado y c\u00f3mo administrarlas, eliminarlas o bloquearlas, visite https:\/\/aboutcookies.org\/ o https:\/\/www.allaboutcookies. org\/es\/.<\/p>\n<p>Tambi\u00e9n es posible evitar que su navegador acepte cookies cambiando la configuraci\u00f3n correspondiente en su navegador. Por lo general, puede encontrar esta configuraci\u00f3n en el men\u00fa \u00abOpciones\u00bb o \u00abPreferencias\u00bb de su navegador.<\/p>\n<p>Tenga en cuenta que eliminar nuestras cookies o deshabilitar futuras cookies o tecnolog\u00edas de seguimiento puede impedirle acceder a ciertas \u00e1reas o caracter\u00edsticas de nuestros servicios, o puede afectar negativamente su experiencia de usuario.<\/p>\n<p>Los siguientes enlaces pueden ser \u00fatiles, o puede usar la opci\u00f3n \u00abAyuda\u00bb de su navegador.<\/p>\n<p>Configuraci\u00f3n de cookies en Firefox<br \/>\nConfiguraci\u00f3n de cookies en Internet Explorer<br \/>\nConfiguraci\u00f3n de cookies en Google Chrome<br \/>\nConfiguraci\u00f3n de cookies en Safari (OS X)<br \/>\nConfiguraci\u00f3n de cookies en Safari (iOS)<br \/>\nConfiguraci\u00f3n de cookies en Android<\/p>\n<p>Para excluirse y evitar que Google Analytics utilice sus datos en todos los sitios web, consulte las siguientes instrucciones: https:\/\/tools.google.com\/dlpage\/gaoptout?hl=en.<\/p>\n<p>Podemos cambiar esta pol\u00edtica de cookies. Le recomendamos que consulte esta p\u00e1gina regularmente para obtener la informaci\u00f3n m\u00e1s reciente sobre las cookies.[\/vc_column_text][\/vc_column][\/vc_row]<\/p>\n<\/section>","protected":false},"excerpt":{"rendered":"<p>[vc_row][vc_column][vc_custom_heading source=\u00bbpost_title\u00bb font_container=\u00bbtag:h2|text_align:center\u00bb][vc_column_text]1. \u00bfQu\u00e9 es una cookie? Una cookie es un peque\u00f1o archivo formado por letras y n\u00fameros que se descarga en su ordenador al acceder a determinadas p\u00e1ginas web. En general, las cookies permiten que un sitio web reconozca &hellip; <a href=\"https:\/\/www.myposh-home.com\/es\/cookie-policy\/\">Continue reading <span class=\"meta-nav\">&rarr;<\/span><\/a><\/p>\n","protected":false},"author":1,"featured_media":0,"parent":0,"menu_order":0,"comment_status":"closed","ping_status":"open","template":"page-full-width.php","meta":{"footnotes":""},"class_list":["post-1367","page","type-page","status-publish","hentry"],"acf":[],"_links":{"self":[{"href":"https:\/\/www.myposh-home.com\/es\/wp-json\/wp\/v2\/pages\/1367","targetHints":{"allow":["GET"]}}],"collection":[{"href":"https:\/\/www.myposh-home.com\/es\/wp-json\/wp\/v2\/pages"}],"about":[{"href":"https:\/\/www.myposh-home.com\/es\/wp-json\/wp\/v2\/types\/page"}],"author":[{"embeddable":true,"href":"https:\/\/www.myposh-home.com\/es\/wp-json\/wp\/v2\/users\/1"}],"replies":[{"embeddable":true,"href":"https:\/\/www.myposh-home.com\/es\/wp-json\/wp\/v2\/comments?post=1367"}],"version-history":[{"count":3,"href":"https:\/\/www.myposh-home.com\/es\/wp-json\/wp\/v2\/pages\/1367\/revisions"}],"predecessor-version":[{"id":1898,"href":"https:\/\/www.myposh-home.com\/es\/wp-json\/wp\/v2\/pages\/1367\/revisions\/1898"}],"wp:attachment":[{"href":"https:\/\/www.myposh-home.com\/es\/wp-json\/wp\/v2\/media?parent=1367"}],"curies":[{"name":"wp","href":"https:\/\/api.w.org\/{rel}","templated":true}]}}